{"id":15,"date":"2025-10-07T14:17:58","date_gmt":"2025-10-07T12:17:58","guid":{"rendered":"https:\/\/akay-solak.com\/tr\/about\/"},"modified":"2025-10-07T14:41:08","modified_gmt":"2025-10-07T12:41:08","slug":"about","status":"publish","type":"page","link":"https:\/\/akay-solak.com\/tr\/about\/","title":{"rendered":"HAKKIMIZDA"},"content":{"rendered":"\n<div class=\"wp-block-uagb-container uagb-block-e5972208 alignfull uagb-is-root-container\"><div class=\"uagb-container-inner-blocks-wrap\">\n<div class=\"wp-block-uagb-advanced-heading uagb-block-b371cc12\"><p class=\"uagb-desc-text\">Hakk\u0131nda<\/p><h1 class=\"uagb-heading-text\">AKAY HUKUK B\u00dcROSU: \u0130nsan odakl\u0131 hukuk hizmeti<\/h1><\/div>\n<\/div><\/div>\n\n\n\n<div class=\"wp-block-uagb-container uagb-block-28fa86dc alignfull uagb-is-root-container\"><div class=\"uagb-container-inner-blocks-wrap\">\n<div class=\"wp-block-uagb-container uagb-block-18062607\">\n<div class=\"wp-block-uagb-image uagb-block-0be442bf wp-block-uagb-image--layout-default wp-block-uagb-image--effect-static wp-block-uagb-image--align-none\"><figure class=\"wp-block-uagb-image__figure\"><img loading=\"lazy\" decoding=\"async\" srcset=\"https:\/\/akay-solak.com\/tr\/wp-content\/uploads\/2025\/10\/pexels-photo-6077123-1.jpeg ,https:\/\/akay-solak.com\/tr\/wp-content\/uploads\/2025\/10\/pexels-photo-6077123-1.jpeg 780w, https:\/\/akay-solak.com\/tr\/wp-content\/uploads\/2025\/10\/pexels-photo-6077123-1.jpeg 360w\" sizes=\"auto, (max-width: 480px) 150px\" src=\"https:\/\/akay-solak.com\/tr\/wp-content\/uploads\/2025\/10\/pexels-photo-6077123-1.jpeg\" alt=\"Lady Justice and gavel on a table in a classic law library setting.\" class=\"uag-image-60\" width=\"560\" height=\"500\" title=\"about-us\" loading=\"lazy\" role=\"img\"\/><\/figure><\/div>\n\n\n\n<div class=\"wp-block-uagb-container uagb-block-ea15cb0a\">\n<div class=\"wp-block-uagb-container uagb-block-bc8fb7c9\">\n<div class=\"wp-block-uagb-counter uagb-block-d1f2f60b wp-block-uagb-counter--number\"><div class=\"wp-block-uagb-counter__number\"><span class=\"uagb-counter-block-number\" data-duration=\"1.5\" data-to-value=\"15\" data-from-value=\"0\" data-delimiter=\",\"><\/span><span class=\"uagb-counter-block-suffix\">+<\/span><\/div><div class=\"wp-block-uagb-counter__title\">Deneyim Y\u0131llar\u0131<\/div><\/div>\n<\/div>\n\n\n\n<div class=\"wp-block-uagb-container uagb-block-733a60e1\">\n<div class=\"wp-block-uagb-counter uagb-block-6c75e0ad wp-block-uagb-counter--number\"><div class=\"wp-block-uagb-counter__number\"><span class=\"uagb-counter-block-number\" data-duration=\"1.5\" data-to-value=\"20\" data-from-value=\"0\" data-delimiter=\",\"><\/span><span class=\"uagb-counter-block-suffix\">+<\/span><\/div><div class=\"wp-block-uagb-counter__title\">Ekip \u00dcyeleri<\/div><\/div>\n<\/div>\n\n\n\n<div class=\"wp-block-uagb-container uagb-block-9b243be6\">\n<div class=\"wp-block-uagb-counter uagb-block-dd716b88 wp-block-uagb-counter--number\"><div class=\"wp-block-uagb-counter__number\"><span class=\"uagb-counter-block-number\" data-duration=\"1.5\" data-to-value=\"98\" data-from-value=\"0\" data-delimiter=\",\"><\/span><span class=\"uagb-counter-block-suffix\">%<\/span><\/div><div class=\"wp-block-uagb-counter__title\">Memnun M\u00fc\u015fteri<\/div><\/div>\n<\/div>\n\n\n\n<div class=\"wp-block-uagb-container uagb-block-92d8df2f\">\n<div class=\"wp-block-uagb-counter uagb-block-d9cb5f03 wp-block-uagb-counter--number\"><div class=\"wp-block-uagb-counter__number\"><span class=\"uagb-counter-block-number\" data-duration=\"1.5\" data-to-value=\"5\" data-from-value=\"0\" data-delimiter=\",\"><\/span><span class=\"uagb-counter-block-suffix\">+<\/span><\/div><div class=\"wp-block-uagb-counter__title\">\u00d6d\u00fcl Kazanmak<\/div><\/div>\n<\/div>\n<\/div>\n<\/div>\n\n\n\n<div class=\"wp-block-uagb-container uagb-block-7f0c016a\">\n<div class=\"wp-block-uagb-advanced-heading uagb-block-8a54fc41\"><p class=\"uagb-desc-text\">B\u00fcromuz Hakk\u0131nda<\/p><h2 class=\"uagb-heading-text\">Almanya ve T\u00fcrkiye&#8217;de uzman avukatlarla birle\u015fen hukuk hizmetleri<\/h2><\/div>\n\n\n\n<div class=\"wp-block-uagb-advanced-heading uagb-block-a33c8efa\"><p class=\"uagb-heading-text\">M\u00fcvekkillerine kaliteli ve h\u0131zl\u0131 hizmet sunan AKAY HUKUK B\u00dcROSU, insan refah\u0131n\u0131 her \u015feyin \u00fcst\u00fcnde tutarak ba\u015far\u0131ya ula\u015fm\u0131\u015ft\u0131r. M\u00fc\u015fteri memnuniyeti, b\u00fcromuzun en \u00f6nemli referans\u0131d\u0131r.<\/p><p class=\"uagb-desc-text\">AKAY HUKUK B\u00dcROSU, Frankfurt&#8217;ta merkezi olan ve T\u00fcrkiye ile Almanya aras\u0131nda hukuk dan\u0131\u015fmanl\u0131\u011f\u0131 yapan bir ofistir. Uzman avukatlar\u0131m\u0131z, m\u00fcvekkillerinin ihtiya\u00e7lar\u0131na \u00f6zel \u00e7\u00f6z\u00fcmler sunarak, hukuksal sorunlar\u0131n h\u0131zl\u0131 ve etkili bir \u015fekilde \u00e7\u00f6z\u00fclmesine yard\u0131mc\u0131 olmu\u015ftur. M\u00fc\u015fteri memnuniyeti, kurulu\u015fumuzun temel ilkelerindendir.<\/p><\/div>\n\n\n\n<div class=\"wp-block-uagb-image uagb-block-2cef716a wp-block-uagb-image--layout-default wp-block-uagb-image--effect-static wp-block-uagb-image--align-none\"><figure class=\"wp-block-uagb-image__figure\"><img loading=\"lazy\" decoding=\"async\" srcset=\"https:\/\/akay-solak.com\/tr\/wp-content\/uploads\/2025\/10\/pexels-photo-5668882.jpeg ,https:\/\/akay-solak.com\/tr\/wp-content\/uploads\/2025\/10\/pexels-photo-5668882.jpeg 780w, https:\/\/akay-solak.com\/tr\/wp-content\/uploads\/2025\/10\/pexels-photo-5668882.jpeg 360w\" sizes=\"auto, (max-width: 480px) 150px\" src=\"https:\/\/akay-solak.com\/tr\/wp-content\/uploads\/2025\/10\/pexels-photo-5668882.jpeg\" alt=\"From above of judicial symbols consisting of Scales of Justice and small judge hammer with curly handle\" class=\"uag-image-61\" width=\"560\" height=\"300\" title=\"who-we-are\" loading=\"lazy\" role=\"img\"\/><\/figure><\/div>\n<\/div>\n<\/div><\/div>\n\n\n\n<div class=\"wp-block-uagb-container uagb-layout-grid uagb-block-b73b02d3 alignfull uagb-is-root-container\"><div class=\"uagb-container-inner-blocks-wrap\">\n<div class=\"wp-block-uagb-container uagb-block-68004fa2\">\n<div class=\"wp-block-uagb-info-box uagb-block-777883ce uagb-infobox__content-wrap  uagb-infobox-icon-above-title uagb-infobox-image-valign-top\"><div class=\"uagb-ifb-content\"><div class=\"uagb-ifb-title-wrap\"><p class=\"uagb-ifb-title-prefix\">Tarih\u00e7emiz<\/p><h2 class=\"uagb-ifb-title\">AKAY HUKUK B\u00dcROSU&#8217;nun Kurulu\u015f Hikayesi<\/h2><\/div><p class=\"uagb-ifb-desc\">AKAY HUKUK B\u00dcROSU, y\u0131llar \u00f6nce Frankfurt&#8217;ta kurulmu\u015f olup, T\u00fcrkiye ve Almanya&#8217;da hukuk hizmeti vermektedir. Bu s\u00fcre\u00e7te, farkl\u0131 alanlarda uzman avukatlar\u0131yla geni\u015f bir m\u00fc\u015fteri portf\u00f6y\u00fc olu\u015fturmu\u015f ve g\u00fcvenilir bir dan\u0131\u015fmanl\u0131k hizmeti sunmay\u0131 ba\u015farm\u0131\u015ft\u0131r.<\/p><\/div><\/div>\n<\/div>\n\n\n\n<div class=\"wp-block-uagb-image uagb-block-1c8aa24f wp-block-uagb-image--layout-default wp-block-uagb-image--effect-static wp-block-uagb-image--align-none\"><figure class=\"wp-block-uagb-image__figure\"><img loading=\"lazy\" decoding=\"async\" srcset=\"https:\/\/akay-solak.com\/tr\/wp-content\/uploads\/2025\/10\/pexels-photo-6077476.jpeg ,https:\/\/akay-solak.com\/tr\/wp-content\/uploads\/2025\/10\/pexels-photo-6077476.jpeg 780w, https:\/\/akay-solak.com\/tr\/wp-content\/uploads\/2025\/10\/pexels-photo-6077476.jpeg 360w\" sizes=\"auto, (max-width: 480px) 150px\" src=\"https:\/\/akay-solak.com\/tr\/wp-content\/uploads\/2025\/10\/pexels-photo-6077476.jpeg\" alt=\"Close-up of Lady Justice figurine on a lawyer's desk with books and documents.\" class=\"uag-image-62\" width=\"600\" height=\"500\" title=\"our-story\" loading=\"lazy\" role=\"img\"\/><\/figure><\/div>\n<\/div><\/div>\n\n\n\n<div class=\"wp-block-uagb-container uagb-block-1fa75ccb alignfull uagb-is-root-container\"><div class=\"uagb-container-inner-blocks-wrap\">\n<div class=\"wp-block-uagb-advanced-heading uagb-block-7b6eba87\"><p class=\"uagb-desc-text\">Ekibimiz<\/p><h2 class=\"uagb-heading-text\">Uzman Avukatlar\u0131m\u0131zla Tan\u0131\u015f\u0131n<\/h2><\/div>\n\n\n\n<div class=\"wp-block-uagb-container uagb-block-04137919\">\n<div class=\"wp-block-uagb-container uagb-block-084b022d\">\n<div class=\"wp-block-uagb-advanced-heading uagb-block-58e05184\"><h3 class=\"uagb-heading-text\">Veysel Akay<\/h3><\/div>\n<\/div>\n\n\n\n<div class=\"wp-block-uagb-container uagb-block-44e963c5\">\n<div class=\"wp-block-uagb-advanced-heading uagb-block-853be4b4\"><\/div>\n<\/div>\n\n\n\n<div class=\"wp-block-uagb-container uagb-block-26984318\">\n<div class=\"wp-block-uagb-advanced-heading uagb-block-5c3f31ed\"><\/div>\n<\/div>\n\n\n\n<div class=\"wp-block-uagb-container uagb-block-a9e32928\">\n<div class=\"wp-block-uagb-advanced-heading uagb-block-8f640a8c\"><h3 class=\"uagb-heading-text\">Nuray Solak-Akay<\/h3><\/div>\n<\/div>\n<\/div>\n<\/div><\/div>\n\n\n\n<div class=\"wp-block-uagb-container uagb-block-353480fd alignfull uagb-is-root-container\"><div class=\"uagb-container-inner-blocks-wrap\">\n<div class=\"wp-block-uagb-info-box uagb-block-289af9f9 uagb-infobox__content-wrap  uagb-infobox-icon-above-title uagb-infobox-image-valign-top\"><div class=\"uagb-ifb-content\"><div class=\"uagb-ifb-title-wrap\"><h2 class=\"uagb-ifb-title\">Hukuki Sorunlar\u0131n\u0131z \u0130\u00e7in Bizimle \u0130leti\u015fime Ge\u00e7in<\/h2><\/div><p class=\"uagb-ifb-desc\">Profesyonel hukuki destek i\u00e7in hemen bizimle ileti\u015fime ge\u00e7in.<\/p><div class=\"uagb-ifb-button-wrapper wp-block-button\"><a href=\"\/contact\/\" class=\"uagb-infobox-cta-link wp-block-button__link\" target=\"_self\" rel=\"noopener noreferrer\" onclick=\"return true;\" alt=\"\"><span class=\"uagb-inline-editing\">Hizmetlerimizi G\u00f6r<\/span><\/a><\/div><\/div><\/div>\n<\/div><\/div>\n","protected":false},"excerpt":{"rendered":"<p>Hakk\u0131nda AKAY HUKUK B\u00dcROSU: \u0130nsan odakl\u0131 hukuk hizmeti B\u00fcromuz Hakk\u0131nda Almanya ve T\u00fcrkiye&#8217;de uzman avukatlarla birle\u015fen hukuk hizmetleri M\u00fcvekkillerine kaliteli [&hellip;]<\/p>\n","protected":false},"author":1,"featured_media":0,"parent":0,"menu_order":0,"comment_status":"closed","ping_status":"closed","template":"","meta":{"_uag_custom_page_level_css":"","postBodyCss":"","postBodyMargin":[],"postBodyPadding":[],"postBodyBackground":{"backgroundType":"classic","gradient":""},"site-sidebar-layout":"default","site-content-layout":"","ast-site-content-layout":"default","site-content-style":"default","site-sidebar-style":"default","ast-global-header-display":"","ast-banner-title-visibility":"","ast-main-header-display":"","ast-hfb-above-header-display":"","ast-hfb-below-header-display":"","ast-hfb-mobile-header-display":"","site-post-title":"disabled","ast-breadcrumbs-content":"","ast-featured-img":"","footer-sml-layout":"","theme-transparent-header-meta":"","adv-header-id-meta":"","stick-header-meta":"","header-above-stick-meta":"","header-main-stick-meta":"","header-below-stick-meta":"","astra-migrate-meta-layouts":"default","ast-page-background-enabled":"default","ast-page-background-meta":{"desktop":{"background-color":"var(--ast-global-color-4)","background-image":"","background-repeat":"repeat","background-position":"center center","background-size":"auto","background-attachment":"scroll","background-type":"","background-media":"","overlay-type":"","overlay-color":"","overlay-opacity":"","overlay-gradient":""},"tablet":{"background-color":"","background-image":"","background-repeat":"repeat","background-position":"center center","background-size":"auto","background-attachment":"scroll","background-type":"","background-media":"","overlay-type":"","overlay-color":"","overlay-opacity":"","overlay-gradient":""},"mobile":{"background-color":"","background-image":"","background-repeat":"repeat","background-position":"center center","background-size":"auto","background-attachment":"scroll","background-type":"","background-media":"","overlay-type":"","overlay-color":"","overlay-opacity":"","overlay-gradient":""}},"ast-content-background-meta":{"desktop":{"background-color":"var(--ast-global-color-5)","background-image":"","background-repeat":"repeat","background-position":"center center","background-size":"auto","background-attachment":"scroll","background-type":"","background-media":"","overlay-type":"","overlay-color":"","overlay-opacity":"","overlay-gradient":""},"tablet":{"background-color":"var(--ast-global-color-5)","background-image":"","background-repeat":"repeat","background-position":"center center","background-size":"auto","background-attachment":"scroll","background-type":"","background-media":"","overlay-type":"","overlay-color":"","overlay-opacity":"","overlay-gradient":""},"mobile":{"background-color":"var(--ast-global-color-5)","background-image":"","background-repeat":"repeat","background-position":"center center","background-size":"auto","background-attachment":"scroll","background-type":"","background-media":"","overlay-type":"","overlay-color":"","overlay-opacity":"","overlay-gradient":""}},"footnotes":""},"class_list":["post-15","page","type-page","status-publish","hentry"],"yoast_head":"<!-- This site is optimized with the Yoast SEO plugin v26.2 - https:\/\/yoast.com\/wordpress\/plugins\/seo\/ -->\n<title>HAKKIMIZDA - AKAY HUKUK B\u00dcROSU<\/title>\n<meta name=\"robots\" content=\"index, follow, max-snippet:-1, max-image-preview:large, max-video-preview:-1\" \/>\n<link rel=\"canonical\" href=\"https:\/\/akay-solak.com\/tr\/about\/\" \/>\n<meta property=\"og:locale\" content=\"tr_TR\" \/>\n<meta property=\"og:type\" content=\"article\" \/>\n<meta property=\"og:title\" content=\"HAKKIMIZDA - AKAY HUKUK B\u00dcROSU\" \/>\n<meta property=\"og:description\" content=\"Hakk\u0131nda AKAY HUKUK B\u00dcROSU: \u0130nsan odakl\u0131 hukuk hizmeti B\u00fcromuz Hakk\u0131nda Almanya ve T\u00fcrkiye&#8217;de uzman avukatlarla birle\u015fen hukuk hizmetleri M\u00fcvekkillerine kaliteli [&hellip;]\" \/>\n<meta property=\"og:url\" content=\"https:\/\/akay-solak.com\/tr\/about\/\" \/>\n<meta property=\"og:site_name\" content=\"AKAY HUKUK B\u00dcROSU\" \/>\n<meta property=\"article:modified_time\" content=\"2025-10-07T12:41:08+00:00\" \/>\n<meta property=\"og:image\" content=\"http:\/\/akay-solak.com\/tr\/wp-content\/uploads\/2025\/10\/pexels-photo-6077123-1.jpeg\" \/>\n<meta name=\"twitter:card\" content=\"summary_large_image\" \/>\n<meta name=\"twitter:label1\" content=\"Tahmini okuma s\u00fcresi\" \/>\n\t<meta name=\"twitter:data1\" content=\"2 dakika\" \/>\n<script type=\"application\/ld+json\" class=\"yoast-schema-graph\">{\"@context\":\"https:\/\/schema.org\",\"@graph\":[{\"@type\":\"WebPage\",\"@id\":\"https:\/\/akay-solak.com\/tr\/about\/\",\"url\":\"https:\/\/akay-solak.com\/tr\/about\/\",\"name\":\"HAKKIMIZDA - AKAY HUKUK B\u00dcROSU\",\"isPartOf\":{\"@id\":\"https:\/\/akay-solak.com\/tr\/#website\"},\"primaryImageOfPage\":{\"@id\":\"https:\/\/akay-solak.com\/tr\/about\/#primaryimage\"},\"image\":{\"@id\":\"https:\/\/akay-solak.com\/tr\/about\/#primaryimage\"},\"thumbnailUrl\":\"http:\/\/akay-solak.com\/tr\/wp-content\/uploads\/2025\/10\/pexels-photo-6077123-1.jpeg\",\"datePublished\":\"2025-10-07T12:17:58+00:00\",\"dateModified\":\"2025-10-07T12:41:08+00:00\",\"breadcrumb\":{\"@id\":\"https:\/\/akay-solak.com\/tr\/about\/#breadcrumb\"},\"inLanguage\":\"tr\",\"potentialAction\":[{\"@type\":\"ReadAction\",\"target\":[\"https:\/\/akay-solak.com\/tr\/about\/\"]}]},{\"@type\":\"ImageObject\",\"inLanguage\":\"tr\",\"@id\":\"https:\/\/akay-solak.com\/tr\/about\/#primaryimage\",\"url\":\"http:\/\/akay-solak.com\/tr\/wp-content\/uploads\/2025\/10\/pexels-photo-6077123-1.jpeg\",\"contentUrl\":\"http:\/\/akay-solak.com\/tr\/wp-content\/uploads\/2025\/10\/pexels-photo-6077123-1.jpeg\"},{\"@type\":\"BreadcrumbList\",\"@id\":\"https:\/\/akay-solak.com\/tr\/about\/#breadcrumb\",\"itemListElement\":[{\"@type\":\"ListItem\",\"position\":1,\"name\":\"Anasayfa\",\"item\":\"https:\/\/akay-solak.com\/tr\/\"},{\"@type\":\"ListItem\",\"position\":2,\"name\":\"HAKKIMIZDA\"}]},{\"@type\":\"WebSite\",\"@id\":\"https:\/\/akay-solak.com\/tr\/#website\",\"url\":\"https:\/\/akay-solak.com\/tr\/\",\"name\":\"AKAY HUKUK B\u00dcROSU\",\"description\":\"Veysel Akay - Nuray Solak Akay\",\"publisher\":{\"@id\":\"https:\/\/akay-solak.com\/tr\/#organization\"},\"potentialAction\":[{\"@type\":\"SearchAction\",\"target\":{\"@type\":\"EntryPoint\",\"urlTemplate\":\"https:\/\/akay-solak.com\/tr\/?s={search_term_string}\"},\"query-input\":{\"@type\":\"PropertyValueSpecification\",\"valueRequired\":true,\"valueName\":\"search_term_string\"}}],\"inLanguage\":\"tr\"},{\"@type\":\"Organization\",\"@id\":\"https:\/\/akay-solak.com\/tr\/#organization\",\"name\":\"AKAY HUKUK B\u00dcROSU\",\"url\":\"https:\/\/akay-solak.com\/tr\/\",\"logo\":{\"@type\":\"ImageObject\",\"inLanguage\":\"tr\",\"@id\":\"https:\/\/akay-solak.com\/tr\/#\/schema\/logo\/image\/\",\"url\":\"https:\/\/akay-solak.com\/tr\/wp-content\/uploads\/2025\/10\/cropped-logo-veysel-2.png\",\"contentUrl\":\"https:\/\/akay-solak.com\/tr\/wp-content\/uploads\/2025\/10\/cropped-logo-veysel-2.png\",\"width\":878,\"height\":220,\"caption\":\"AKAY HUKUK B\u00dcROSU\"},\"image\":{\"@id\":\"https:\/\/akay-solak.com\/tr\/#\/schema\/logo\/image\/\"}}]}<\/script>\n<!-- \/ Yoast SEO plugin. -->","yoast_head_json":{"title":"HAKKIMIZDA - AKAY HUKUK B\u00dcROSU","robots":{"index":"index","follow":"follow","max-snippet":"max-snippet:-1","max-image-preview":"max-image-preview:large","max-video-preview":"max-video-preview:-1"},"canonical":"https:\/\/akay-solak.com\/tr\/about\/","og_locale":"tr_TR","og_type":"article","og_title":"HAKKIMIZDA - AKAY HUKUK B\u00dcROSU","og_description":"Hakk\u0131nda AKAY HUKUK B\u00dcROSU: \u0130nsan odakl\u0131 hukuk hizmeti B\u00fcromuz Hakk\u0131nda Almanya ve T\u00fcrkiye&#8217;de uzman avukatlarla birle\u015fen hukuk hizmetleri M\u00fcvekkillerine kaliteli [&hellip;]","og_url":"https:\/\/akay-solak.com\/tr\/about\/","og_site_name":"AKAY HUKUK B\u00dcROSU","article_modified_time":"2025-10-07T12:41:08+00:00","og_image":[{"url":"http:\/\/akay-solak.com\/tr\/wp-content\/uploads\/2025\/10\/pexels-photo-6077123-1.jpeg","type":"","width":"","height":""}],"twitter_card":"summary_large_image","twitter_misc":{"Tahmini okuma s\u00fcresi":"2 dakika"},"schema":{"@context":"https:\/\/schema.org","@graph":[{"@type":"WebPage","@id":"https:\/\/akay-solak.com\/tr\/about\/","url":"https:\/\/akay-solak.com\/tr\/about\/","name":"HAKKIMIZDA - AKAY HUKUK B\u00dcROSU","isPartOf":{"@id":"https:\/\/akay-solak.com\/tr\/#website"},"primaryImageOfPage":{"@id":"https:\/\/akay-solak.com\/tr\/about\/#primaryimage"},"image":{"@id":"https:\/\/akay-solak.com\/tr\/about\/#primaryimage"},"thumbnailUrl":"http:\/\/akay-solak.com\/tr\/wp-content\/uploads\/2025\/10\/pexels-photo-6077123-1.jpeg","datePublished":"2025-10-07T12:17:58+00:00","dateModified":"2025-10-07T12:41:08+00:00","breadcrumb":{"@id":"https:\/\/akay-solak.com\/tr\/about\/#breadcrumb"},"inLanguage":"tr","potentialAction":[{"@type":"ReadAction","target":["https:\/\/akay-solak.com\/tr\/about\/"]}]},{"@type":"ImageObject","inLanguage":"tr","@id":"https:\/\/akay-solak.com\/tr\/about\/#primaryimage","url":"http:\/\/akay-solak.com\/tr\/wp-content\/uploads\/2025\/10\/pexels-photo-6077123-1.jpeg","contentUrl":"http:\/\/akay-solak.com\/tr\/wp-content\/uploads\/2025\/10\/pexels-photo-6077123-1.jpeg"},{"@type":"BreadcrumbList","@id":"https:\/\/akay-solak.com\/tr\/about\/#breadcrumb","itemListElement":[{"@type":"ListItem","position":1,"name":"Anasayfa","item":"https:\/\/akay-solak.com\/tr\/"},{"@type":"ListItem","position":2,"name":"HAKKIMIZDA"}]},{"@type":"WebSite","@id":"https:\/\/akay-solak.com\/tr\/#website","url":"https:\/\/akay-solak.com\/tr\/","name":"AKAY HUKUK B\u00dcROSU","description":"Veysel Akay - Nuray Solak Akay","publisher":{"@id":"https:\/\/akay-solak.com\/tr\/#organization"},"potentialAction":[{"@type":"SearchAction","target":{"@type":"EntryPoint","urlTemplate":"https:\/\/akay-solak.com\/tr\/?s={search_term_string}"},"query-input":{"@type":"PropertyValueSpecification","valueRequired":true,"valueName":"search_term_string"}}],"inLanguage":"tr"},{"@type":"Organization","@id":"https:\/\/akay-solak.com\/tr\/#organization","name":"AKAY HUKUK B\u00dcROSU","url":"https:\/\/akay-solak.com\/tr\/","logo":{"@type":"ImageObject","inLanguage":"tr","@id":"https:\/\/akay-solak.com\/tr\/#\/schema\/logo\/image\/","url":"https:\/\/akay-solak.com\/tr\/wp-content\/uploads\/2025\/10\/cropped-logo-veysel-2.png","contentUrl":"https:\/\/akay-solak.com\/tr\/wp-content\/uploads\/2025\/10\/cropped-logo-veysel-2.png","width":878,"height":220,"caption":"AKAY HUKUK B\u00dcROSU"},"image":{"@id":"https:\/\/akay-solak.com\/tr\/#\/schema\/logo\/image\/"}}]}},"uagb_featured_image_src":{"full":false,"thumbnail":false,"medium":false,"medium_large":false,"large":false,"1536x1536":false,"2048x2048":false},"uagb_author_info":{"display_name":"veyselmiro","author_link":"https:\/\/akay-solak.com\/tr\/author\/veyselmiro\/"},"uagb_comment_info":0,"uagb_excerpt":"Hakk\u0131nda AKAY HUKUK B\u00dcROSU: \u0130nsan odakl\u0131 hukuk hizmeti B\u00fcromuz Hakk\u0131nda Almanya ve T\u00fcrkiye&#8217;de uzman avukatlarla birle\u015fen hukuk hizmetleri M\u00fcvekkillerine kaliteli [&hellip;]","_links":{"self":[{"href":"https:\/\/akay-solak.com\/tr\/wp-json\/wp\/v2\/pages\/15","targetHints":{"allow":["GET"]}}],"collection":[{"href":"https:\/\/akay-solak.com\/tr\/wp-json\/wp\/v2\/pages"}],"about":[{"href":"https:\/\/akay-solak.com\/tr\/wp-json\/wp\/v2\/types\/page"}],"author":[{"embeddable":true,"href":"https:\/\/akay-solak.com\/tr\/wp-json\/wp\/v2\/users\/1"}],"replies":[{"embeddable":true,"href":"https:\/\/akay-solak.com\/tr\/wp-json\/wp\/v2\/comments?post=15"}],"version-history":[{"count":5,"href":"https:\/\/akay-solak.com\/tr\/wp-json\/wp\/v2\/pages\/15\/revisions"}],"predecessor-version":[{"id":307,"href":"https:\/\/akay-solak.com\/tr\/wp-json\/wp\/v2\/pages\/15\/revisions\/307"}],"wp:attachment":[{"href":"https:\/\/akay-solak.com\/tr\/wp-json\/wp\/v2\/media?parent=15"}],"curies":[{"name":"wp","href":"https:\/\/api.w.org\/{rel}","templated":true}]}}