{"id":252,"date":"2025-10-07T14:17:58","date_gmt":"2025-10-07T12:17:58","guid":{"rendered":"https:\/\/akay-solak.com\/tr\/services\/"},"modified":"2025-10-14T14:57:05","modified_gmt":"2025-10-14T12:57:05","slug":"services","status":"publish","type":"page","link":"https:\/\/akay-solak.com\/tr\/services\/","title":{"rendered":"Servisler"},"content":{"rendered":"\n<div class=\"wp-block-uagb-container uagb-block-e5972208 alignfull uagb-is-root-container\"><div class=\"uagb-container-inner-blocks-wrap\">\n<div class=\"wp-block-uagb-advanced-heading uagb-block-b371cc12\"><p class=\"uagb-desc-text\">Hukuk Hizmetleri<\/p><h1 class=\"uagb-heading-text\">Profesyonel Hukuk Dan\u0131\u015fmanl\u0131\u011f\u0131 ve Destek<\/h1><\/div>\n<\/div><\/div>\n\n\n\n<div class=\"wp-block-uagb-container uagb-block-edca4a69 alignfull uagb-is-root-container\"><div class=\"uagb-container-inner-blocks-wrap\">\n<div class=\"wp-block-uagb-container uagb-layout-grid uagb-block-53eeea40\">\n<div class=\"wp-block-uagb-container uagb-block-66ce8d2d\">\n<div class=\"wp-block-uagb-info-box uagb-block-68e6db93 uagb-infobox__content-wrap  uagb-infobox-icon-above-title uagb-infobox-image-valign-top\"><div class=\"uagb-ifb-content\"><div class=\"uagb-ifb-title-wrap\"><span class=\"uagb-ifb-title-prefix\">01.<\/span><h2 class=\"uagb-ifb-title\">Hukuki Dan\u0131\u015fmanl\u0131k<\/h2><\/div><p class=\"uagb-ifb-desc\">AKAY HUKUK B\u00dcROSU, m\u00fcvekkillerine hukuki dan\u0131\u015fmanl\u0131k sunarak sorunlar\u0131n\u0131 \u00e7\u00f6zme konusunda destek olmaktad\u0131r. Hukuk sisteminin karma\u015f\u0131kl\u0131\u011f\u0131n\u0131 anlamalar\u0131na yard\u0131mc\u0131 olurken, ihtiya\u00e7lar\u0131na uygun \u00e7\u00f6z\u00fcmler geli\u015ftirmektedir.<\/p><\/div><\/div>\n<\/div>\n\n\n\n<div class=\"wp-block-uagb-image uagb-block-185affb3 wp-block-uagb-image--layout-default wp-block-uagb-image--effect-static wp-block-uagb-image--align-none\"><figure class=\"wp-block-uagb-image__figure\"><img loading=\"lazy\" decoding=\"async\" srcset=\"https:\/\/akay-solak.com\/tr\/wp-content\/uploads\/2025\/10\/pexels-photo-6077476.jpeg ,https:\/\/akay-solak.com\/tr\/wp-content\/uploads\/2025\/10\/pexels-photo-6077476.jpeg 780w, https:\/\/akay-solak.com\/tr\/wp-content\/uploads\/2025\/10\/pexels-photo-6077476.jpeg 360w\" sizes=\"auto, (max-width: 480px) 150px\" src=\"https:\/\/akay-solak.com\/tr\/wp-content\/uploads\/2025\/10\/pexels-photo-6077476.jpeg\" alt=\"Close-up of Lady Justice figurine on a lawyer&#039;s desk with books and documents.\" class=\"uag-image-62\" width=\"600\" height=\"400\" title=\"services-01\" loading=\"lazy\" role=\"img\"\/><\/figure><\/div>\n<\/div>\n\n\n\n<div class=\"wp-block-uagb-container uagb-layout-grid uagb-block-b255260d\">\n<div class=\"wp-block-uagb-image uagb-block-b86a27d4 wp-block-uagb-image--layout-default wp-block-uagb-image--effect-static wp-block-uagb-image--align-none\"><figure class=\"wp-block-uagb-image__figure\"><img loading=\"lazy\" decoding=\"async\" srcset=\"https:\/\/akay-solak.com\/tr\/wp-content\/uploads\/2025\/10\/pexels-photo-6077123-1.jpeg ,https:\/\/akay-solak.com\/tr\/wp-content\/uploads\/2025\/10\/pexels-photo-6077123-1.jpeg 780w, https:\/\/akay-solak.com\/tr\/wp-content\/uploads\/2025\/10\/pexels-photo-6077123-1.jpeg 360w\" sizes=\"auto, (max-width: 480px) 150px\" src=\"https:\/\/akay-solak.com\/tr\/wp-content\/uploads\/2025\/10\/pexels-photo-6077123-1.jpeg\" alt=\"Lady Justice and gavel on a table in a classic law library setting.\" class=\"uag-image-60\" width=\"600\" height=\"400\" title=\"services-02\" loading=\"lazy\" role=\"img\"\/><\/figure><\/div>\n\n\n\n<div class=\"wp-block-uagb-container uagb-block-06f958a5\">\n<div class=\"wp-block-uagb-info-box uagb-block-eda0d834 uagb-infobox__content-wrap  uagb-infobox-icon-above-title uagb-infobox-image-valign-top\"><div class=\"uagb-ifb-content\"><div class=\"uagb-ifb-title-wrap\"><span class=\"uagb-ifb-title-prefix\">02.<\/span><h2 class=\"uagb-ifb-title\">Dava ve Takip<\/h2><\/div><p class=\"uagb-ifb-desc\">Dava a\u00e7ma, takip etme ve m\u00fcvekkillerimizin yasal s\u00fcre\u00e7lerini y\u00f6netme konusunda uzman\u0131z. Her a\u015famada m\u00fcvekkillerimizin yan\u0131nda olarak, s\u00fcrecin do\u011fru ve etkili bir \u015fekilde ilerlemesini sa\u011fl\u0131yoruz.<\/p><\/div><\/div>\n<\/div>\n<\/div>\n\n\n\n<div class=\"wp-block-uagb-container uagb-layout-grid uagb-block-13bfb87f\">\n<div class=\"wp-block-uagb-container uagb-block-698e6038\">\n<div class=\"wp-block-uagb-info-box uagb-block-54640af0 uagb-infobox__content-wrap  uagb-infobox-icon-above-title uagb-infobox-image-valign-top\"><div class=\"uagb-ifb-content\"><div class=\"uagb-ifb-title-wrap\"><span class=\"uagb-ifb-title-prefix\">03.<\/span><h2 class=\"uagb-ifb-title\">\u015eirketlere \u00d6zel<\/h2><\/div><p class=\"uagb-ifb-desc\">Kurulu\u015flardan ba\u015flang\u0131\u00e7 a\u015famas\u0131nda hukuki destek sunarak, i\u015f s\u00fcre\u00e7lerinin her a\u015famas\u0131nda yan\u0131n\u0131zday\u0131z. S\u00f6zle\u015fmelerin haz\u0131rlanmas\u0131ndan ticari uyu\u015fmazl\u0131klar\u0131n \u00e7\u00f6z\u00fcm\u00fcne kadar geni\u015f bir yelpazede hizmet sunuyoruz.<\/p><\/div><\/div>\n<\/div>\n\n\n\n<div class=\"wp-block-uagb-image uagb-block-945a1bf4 wp-block-uagb-image--layout-default wp-block-uagb-image--effect-static wp-block-uagb-image--align-none\"><figure class=\"wp-block-uagb-image__figure\"><img loading=\"lazy\" decoding=\"async\" srcset=\"https:\/\/akay-solak.com\/tr\/wp-content\/uploads\/2025\/10\/pexels-photo-5668882.jpeg ,https:\/\/akay-solak.com\/tr\/wp-content\/uploads\/2025\/10\/pexels-photo-5668882.jpeg 780w, https:\/\/akay-solak.com\/tr\/wp-content\/uploads\/2025\/10\/pexels-photo-5668882.jpeg 360w\" sizes=\"auto, (max-width: 480px) 150px\" src=\"https:\/\/akay-solak.com\/tr\/wp-content\/uploads\/2025\/10\/pexels-photo-5668882.jpeg\" alt=\"From above of judicial symbols consisting of Scales of Justice and small judge hammer with curly handle\" class=\"uag-image-61\" width=\"600\" height=\"400\" title=\"services-03\" loading=\"lazy\" role=\"img\"\/><\/figure><\/div>\n<\/div>\n\n\n\n<div class=\"wp-block-uagb-container uagb-layout-grid uagb-block-98083caf\">\n<div class=\"wp-block-uagb-image uagb-block-8b2a76cc wp-block-uagb-image--layout-default wp-block-uagb-image--effect-static wp-block-uagb-image--align-none\"><figure class=\"wp-block-uagb-image__figure\"><img loading=\"lazy\" decoding=\"async\" srcset=\"https:\/\/akay-solak.com\/tr\/wp-content\/uploads\/2025\/10\/pexels-photo-6077476.jpeg ,https:\/\/akay-solak.com\/tr\/wp-content\/uploads\/2025\/10\/pexels-photo-6077476.jpeg 780w, https:\/\/akay-solak.com\/tr\/wp-content\/uploads\/2025\/10\/pexels-photo-6077476.jpeg 360w\" sizes=\"auto, (max-width: 480px) 150px\" src=\"https:\/\/akay-solak.com\/tr\/wp-content\/uploads\/2025\/10\/pexels-photo-6077476.jpeg\" alt=\"Close-up of Lady Justice figurine on a lawyer&#039;s desk with books and documents.\" class=\"uag-image-62\" width=\"600\" height=\"400\" title=\"services-04\" loading=\"lazy\" role=\"img\"\/><\/figure><\/div>\n\n\n\n<div class=\"wp-block-uagb-container uagb-block-9627d3ce\">\n<div class=\"wp-block-uagb-info-box uagb-block-d2e51d04 uagb-infobox__content-wrap  uagb-infobox-icon-above-title uagb-infobox-image-valign-top\"><div class=\"uagb-ifb-content\"><div class=\"uagb-ifb-title-wrap\"><span class=\"uagb-ifb-title-prefix\">04.<\/span><h2 class=\"uagb-ifb-title\">Uluslararas\u0131 Hukuk<\/h2><\/div><p class=\"uagb-ifb-desc\">Uluslararas\u0131 alanda hukuki dan\u0131\u015fmanl\u0131k sa\u011flayarak, farkl\u0131 \u00fclkeler aras\u0131ndaki anla\u015fmazl\u0131klar\u0131 \u00e7\u00f6zmenizde yard\u0131mc\u0131 oluyoruz. T\u00fcrkiye ve Almanya aras\u0131nda k\u00f6pr\u00fc kurarak, k\u00fcresel \u00f6l\u00e7ekte hukuki destek sa\u011fl\u0131yoruz.<\/p><\/div><\/div>\n<\/div>\n<\/div>\n<\/div><\/div>\n\n\n\n<div class=\"wp-block-uagb-container uagb-block-353480fd alignfull uagb-is-root-container\"><div class=\"uagb-container-inner-blocks-wrap\">\n<div class=\"wp-block-uagb-info-box uagb-block-289af9f9 uagb-infobox__content-wrap  uagb-infobox-icon-above-title uagb-infobox-image-valign-top\"><div class=\"uagb-ifb-content\"><div class=\"uagb-ifb-title-wrap\"><h2 class=\"uagb-ifb-title\">Hukuki Sorunlar\u0131n\u0131z \u0130\u00e7in Bizimle \u0130leti\u015fime Ge\u00e7in<\/h2><\/div><p class=\"uagb-ifb-desc\">Profesyonel hukuki destek i\u00e7in hemen bizimle ileti\u015fime ge\u00e7in.<\/p><div class=\"uagb-ifb-button-wrapper wp-block-button\"><a href=\"\/contact\/\" class=\"uagb-infobox-cta-link wp-block-button__link\" target=\"_self\" rel=\"noopener noreferrer\" onclick=\"return true;\" alt=\"\"><span class=\"uagb-inline-editing\">Hizmetlerimizi G\u00f6r<\/span><\/a><\/div><\/div><\/div>\n<\/div><\/div>\n","protected":false},"excerpt":{"rendered":"<p>Hukuk Hizmetleri Profesyonel Hukuk Dan\u0131\u015fmanl\u0131\u011f\u0131 ve Destek<\/p>\n","protected":false},"author":1,"featured_media":0,"parent":0,"menu_order":0,"comment_status":"closed","ping_status":"closed","template":"","meta":{"_uag_custom_page_level_css":"","postBodyCss":"","postBodyMargin":[],"postBodyPadding":[],"postBodyBackground":{"backgroundType":"classic","gradient":""},"site-sidebar-layout":"default","site-content-layout":"","ast-site-content-layout":"default","site-content-style":"default","site-sidebar-style":"default","ast-global-header-display":"","ast-banner-title-visibility":"","ast-main-header-display":"","ast-hfb-above-header-display":"","ast-hfb-below-header-display":"","ast-hfb-mobile-header-display":"","site-post-title":"disabled","ast-breadcrumbs-content":"","ast-featured-img":"","footer-sml-layout":"","theme-transparent-header-meta":"","adv-header-id-meta":"","stick-header-meta":"","header-above-stick-meta":"","header-main-stick-meta":"","header-below-stick-meta":"","astra-migrate-meta-layouts":"default","ast-page-background-enabled":"default","ast-page-background-meta":{"desktop":{"background-color":"var(--ast-global-color-4)","background-image":"","background-repeat":"repeat","background-position":"center center","background-size":"auto","background-attachment":"scroll","background-type":"","background-media":"","overlay-type":"","overlay-color":"","overlay-opacity":"","overlay-gradient":""},"tablet":{"background-color":"","background-image":"","background-repeat":"repeat","background-position":"center center","background-size":"auto","background-attachment":"scroll","background-type":"","background-media":"","overlay-type":"","overlay-color":"","overlay-opacity":"","overlay-gradient":""},"mobile":{"background-color":"","background-image":"","background-repeat":"repeat","background-position":"center center","background-size":"auto","background-attachment":"scroll","background-type":"","background-media":"","overlay-type":"","overlay-color":"","overlay-opacity":"","overlay-gradient":""}},"ast-content-background-meta":{"desktop":{"background-color":"var(--ast-global-color-5)","background-image":"","background-repeat":"repeat","background-position":"center center","background-size":"auto","background-attachment":"scroll","background-type":"","background-media":"","overlay-type":"","overlay-color":"","overlay-opacity":"","overlay-gradient":""},"tablet":{"background-color":"var(--ast-global-color-5)","background-image":"","background-repeat":"repeat","background-position":"center center","background-size":"auto","background-attachment":"scroll","background-type":"","background-media":"","overlay-type":"","overlay-color":"","overlay-opacity":"","overlay-gradient":""},"mobile":{"background-color":"var(--ast-global-color-5)","background-image":"","background-repeat":"repeat","background-position":"center center","background-size":"auto","background-attachment":"scroll","background-type":"","background-media":"","overlay-type":"","overlay-color":"","overlay-opacity":"","overlay-gradient":""}},"footnotes":""},"class_list":["post-252","page","type-page","status-publish","hentry"],"yoast_head":"<!-- This site is optimized with the Yoast SEO plugin v26.2 - https:\/\/yoast.com\/wordpress\/plugins\/seo\/ -->\n<title>Servisler - AKAY HUKUK B\u00dcROSU<\/title>\n<meta name=\"robots\" content=\"index, follow, max-snippet:-1, max-image-preview:large, max-video-preview:-1\" \/>\n<link rel=\"canonical\" href=\"https:\/\/akay-solak.com\/tr\/services\/\" \/>\n<meta property=\"og:locale\" content=\"tr_TR\" \/>\n<meta property=\"og:type\" content=\"article\" \/>\n<meta property=\"og:title\" content=\"Servisler - AKAY HUKUK B\u00dcROSU\" \/>\n<meta property=\"og:description\" content=\"Hukuk Hizmetleri Profesyonel Hukuk Dan\u0131\u015fmanl\u0131\u011f\u0131 ve Destek\" \/>\n<meta property=\"og:url\" content=\"https:\/\/akay-solak.com\/tr\/services\/\" \/>\n<meta property=\"og:site_name\" content=\"AKAY HUKUK B\u00dcROSU\" \/>\n<meta property=\"article:modified_time\" content=\"2025-10-14T12:57:05+00:00\" \/>\n<meta property=\"og:image\" content=\"http:\/\/akay-solak.com\/tr\/wp-content\/uploads\/2025\/10\/pexels-photo-6077476.jpeg\" \/>\n<meta name=\"twitter:card\" content=\"summary_large_image\" \/>\n<meta name=\"twitter:label1\" content=\"Tahmini okuma s\u00fcresi\" \/>\n\t<meta name=\"twitter:data1\" content=\"3 dakika\" \/>\n<script type=\"application\/ld+json\" class=\"yoast-schema-graph\">{\"@context\":\"https:\/\/schema.org\",\"@graph\":[{\"@type\":\"WebPage\",\"@id\":\"https:\/\/akay-solak.com\/tr\/services\/\",\"url\":\"https:\/\/akay-solak.com\/tr\/services\/\",\"name\":\"Servisler - AKAY HUKUK B\u00dcROSU\",\"isPartOf\":{\"@id\":\"https:\/\/akay-solak.com\/tr\/#website\"},\"primaryImageOfPage\":{\"@id\":\"https:\/\/akay-solak.com\/tr\/services\/#primaryimage\"},\"image\":{\"@id\":\"https:\/\/akay-solak.com\/tr\/services\/#primaryimage\"},\"thumbnailUrl\":\"http:\/\/akay-solak.com\/tr\/wp-content\/uploads\/2025\/10\/pexels-photo-6077476.jpeg\",\"datePublished\":\"2025-10-07T12:17:58+00:00\",\"dateModified\":\"2025-10-14T12:57:05+00:00\",\"breadcrumb\":{\"@id\":\"https:\/\/akay-solak.com\/tr\/services\/#breadcrumb\"},\"inLanguage\":\"tr\",\"potentialAction\":[{\"@type\":\"ReadAction\",\"target\":[\"https:\/\/akay-solak.com\/tr\/services\/\"]}]},{\"@type\":\"ImageObject\",\"inLanguage\":\"tr\",\"@id\":\"https:\/\/akay-solak.com\/tr\/services\/#primaryimage\",\"url\":\"http:\/\/akay-solak.com\/tr\/wp-content\/uploads\/2025\/10\/pexels-photo-6077476.jpeg\",\"contentUrl\":\"http:\/\/akay-solak.com\/tr\/wp-content\/uploads\/2025\/10\/pexels-photo-6077476.jpeg\"},{\"@type\":\"BreadcrumbList\",\"@id\":\"https:\/\/akay-solak.com\/tr\/services\/#breadcrumb\",\"itemListElement\":[{\"@type\":\"ListItem\",\"position\":1,\"name\":\"Anasayfa\",\"item\":\"https:\/\/akay-solak.com\/tr\/\"},{\"@type\":\"ListItem\",\"position\":2,\"name\":\"Servisler\"}]},{\"@type\":\"WebSite\",\"@id\":\"https:\/\/akay-solak.com\/tr\/#website\",\"url\":\"https:\/\/akay-solak.com\/tr\/\",\"name\":\"AKAY HUKUK B\u00dcROSU\",\"description\":\"Veysel Akay - Nuray Solak Akay\",\"publisher\":{\"@id\":\"https:\/\/akay-solak.com\/tr\/#organization\"},\"potentialAction\":[{\"@type\":\"SearchAction\",\"target\":{\"@type\":\"EntryPoint\",\"urlTemplate\":\"https:\/\/akay-solak.com\/tr\/?s={search_term_string}\"},\"query-input\":{\"@type\":\"PropertyValueSpecification\",\"valueRequired\":true,\"valueName\":\"search_term_string\"}}],\"inLanguage\":\"tr\"},{\"@type\":\"Organization\",\"@id\":\"https:\/\/akay-solak.com\/tr\/#organization\",\"name\":\"AKAY HUKUK B\u00dcROSU\",\"url\":\"https:\/\/akay-solak.com\/tr\/\",\"logo\":{\"@type\":\"ImageObject\",\"inLanguage\":\"tr\",\"@id\":\"https:\/\/akay-solak.com\/tr\/#\/schema\/logo\/image\/\",\"url\":\"https:\/\/akay-solak.com\/tr\/wp-content\/uploads\/2025\/10\/cropped-logo-veysel-2.png\",\"contentUrl\":\"https:\/\/akay-solak.com\/tr\/wp-content\/uploads\/2025\/10\/cropped-logo-veysel-2.png\",\"width\":878,\"height\":220,\"caption\":\"AKAY HUKUK B\u00dcROSU\"},\"image\":{\"@id\":\"https:\/\/akay-solak.com\/tr\/#\/schema\/logo\/image\/\"}}]}<\/script>\n<!-- \/ Yoast SEO plugin. -->","yoast_head_json":{"title":"Servisler - AKAY HUKUK B\u00dcROSU","robots":{"index":"index","follow":"follow","max-snippet":"max-snippet:-1","max-image-preview":"max-image-preview:large","max-video-preview":"max-video-preview:-1"},"canonical":"https:\/\/akay-solak.com\/tr\/services\/","og_locale":"tr_TR","og_type":"article","og_title":"Servisler - AKAY HUKUK B\u00dcROSU","og_description":"Hukuk Hizmetleri Profesyonel Hukuk Dan\u0131\u015fmanl\u0131\u011f\u0131 ve Destek","og_url":"https:\/\/akay-solak.com\/tr\/services\/","og_site_name":"AKAY HUKUK B\u00dcROSU","article_modified_time":"2025-10-14T12:57:05+00:00","og_image":[{"url":"http:\/\/akay-solak.com\/tr\/wp-content\/uploads\/2025\/10\/pexels-photo-6077476.jpeg","type":"","width":"","height":""}],"twitter_card":"summary_large_image","twitter_misc":{"Tahmini okuma s\u00fcresi":"3 dakika"},"schema":{"@context":"https:\/\/schema.org","@graph":[{"@type":"WebPage","@id":"https:\/\/akay-solak.com\/tr\/services\/","url":"https:\/\/akay-solak.com\/tr\/services\/","name":"Servisler - AKAY HUKUK B\u00dcROSU","isPartOf":{"@id":"https:\/\/akay-solak.com\/tr\/#website"},"primaryImageOfPage":{"@id":"https:\/\/akay-solak.com\/tr\/services\/#primaryimage"},"image":{"@id":"https:\/\/akay-solak.com\/tr\/services\/#primaryimage"},"thumbnailUrl":"http:\/\/akay-solak.com\/tr\/wp-content\/uploads\/2025\/10\/pexels-photo-6077476.jpeg","datePublished":"2025-10-07T12:17:58+00:00","dateModified":"2025-10-14T12:57:05+00:00","breadcrumb":{"@id":"https:\/\/akay-solak.com\/tr\/services\/#breadcrumb"},"inLanguage":"tr","potentialAction":[{"@type":"ReadAction","target":["https:\/\/akay-solak.com\/tr\/services\/"]}]},{"@type":"ImageObject","inLanguage":"tr","@id":"https:\/\/akay-solak.com\/tr\/services\/#primaryimage","url":"http:\/\/akay-solak.com\/tr\/wp-content\/uploads\/2025\/10\/pexels-photo-6077476.jpeg","contentUrl":"http:\/\/akay-solak.com\/tr\/wp-content\/uploads\/2025\/10\/pexels-photo-6077476.jpeg"},{"@type":"BreadcrumbList","@id":"https:\/\/akay-solak.com\/tr\/services\/#breadcrumb","itemListElement":[{"@type":"ListItem","position":1,"name":"Anasayfa","item":"https:\/\/akay-solak.com\/tr\/"},{"@type":"ListItem","position":2,"name":"Servisler"}]},{"@type":"WebSite","@id":"https:\/\/akay-solak.com\/tr\/#website","url":"https:\/\/akay-solak.com\/tr\/","name":"AKAY HUKUK B\u00dcROSU","description":"Veysel Akay - Nuray Solak Akay","publisher":{"@id":"https:\/\/akay-solak.com\/tr\/#organization"},"potentialAction":[{"@type":"SearchAction","target":{"@type":"EntryPoint","urlTemplate":"https:\/\/akay-solak.com\/tr\/?s={search_term_string}"},"query-input":{"@type":"PropertyValueSpecification","valueRequired":true,"valueName":"search_term_string"}}],"inLanguage":"tr"},{"@type":"Organization","@id":"https:\/\/akay-solak.com\/tr\/#organization","name":"AKAY HUKUK B\u00dcROSU","url":"https:\/\/akay-solak.com\/tr\/","logo":{"@type":"ImageObject","inLanguage":"tr","@id":"https:\/\/akay-solak.com\/tr\/#\/schema\/logo\/image\/","url":"https:\/\/akay-solak.com\/tr\/wp-content\/uploads\/2025\/10\/cropped-logo-veysel-2.png","contentUrl":"https:\/\/akay-solak.com\/tr\/wp-content\/uploads\/2025\/10\/cropped-logo-veysel-2.png","width":878,"height":220,"caption":"AKAY HUKUK B\u00dcROSU"},"image":{"@id":"https:\/\/akay-solak.com\/tr\/#\/schema\/logo\/image\/"}}]}},"uagb_featured_image_src":{"full":false,"thumbnail":false,"medium":false,"medium_large":false,"large":false,"1536x1536":false,"2048x2048":false},"uagb_author_info":{"display_name":"veyselmiro","author_link":"https:\/\/akay-solak.com\/tr\/author\/veyselmiro\/"},"uagb_comment_info":0,"uagb_excerpt":"Hukuk Hizmetleri Profesyonel Hukuk Dan\u0131\u015fmanl\u0131\u011f\u0131 ve Destek","_links":{"self":[{"href":"https:\/\/akay-solak.com\/tr\/wp-json\/wp\/v2\/pages\/252","targetHints":{"allow":["GET"]}}],"collection":[{"href":"https:\/\/akay-solak.com\/tr\/wp-json\/wp\/v2\/pages"}],"about":[{"href":"https:\/\/akay-solak.com\/tr\/wp-json\/wp\/v2\/types\/page"}],"author":[{"embeddable":true,"href":"https:\/\/akay-solak.com\/tr\/wp-json\/wp\/v2\/users\/1"}],"replies":[{"embeddable":true,"href":"https:\/\/akay-solak.com\/tr\/wp-json\/wp\/v2\/comments?post=252"}],"version-history":[{"count":4,"href":"https:\/\/akay-solak.com\/tr\/wp-json\/wp\/v2\/pages\/252\/revisions"}],"predecessor-version":[{"id":323,"href":"https:\/\/akay-solak.com\/tr\/wp-json\/wp\/v2\/pages\/252\/revisions\/323"}],"wp:attachment":[{"href":"https:\/\/akay-solak.com\/tr\/wp-json\/wp\/v2\/media?parent=252"}],"curies":[{"name":"wp","href":"https:\/\/api.w.org\/{rel}","templated":true}]}}